{"id":3,"date":"2025-05-15T22:38:59","date_gmt":"2025-05-15T22:38:59","guid":{"rendered":"https:\/\/live-es5-2025.pantheonsite.io\/?page_id=3"},"modified":"2026-03-16T20:18:00","modified_gmt":"2026-03-16T20:18:00","slug":"privacy-policy","status":"publish","type":"page","link":"https:\/\/es5.es\/en\/privacy-policy\/","title":{"rendered":"Privacy Policy"},"content":{"rendered":"\t\t<div data-elementor-type=\"wp-page\" data-elementor-id=\"3\" class=\"elementor elementor-3\" data-elementor-post-type=\"page\">\n\t\t\t\t<div class=\"elementor-element elementor-element-8e234c1 e-flex e-con-boxed e-con e-parent\" data-id=\"8e234c1\" data-element_type=\"container\" data-e-type=\"container\" data-settings=\"{&quot;background_background&quot;:&quot;classic&quot;}\">\n\t\t\t\t\t<div class=\"e-con-inner\">\n\t\t\t\t<div class=\"elementor-element elementor-element-1dae9b8 elementor-widget elementor-widget-heading\" data-id=\"1dae9b8\" data-element_type=\"widget\" data-e-type=\"widget\" data-widget_type=\"heading.default\">\n\t\t\t\t<div class=\"elementor-widget-container\">\n\t\t\t\t\t<h2 class=\"elementor-heading-title elementor-size-default\">POL\u00cdTICA DE PRIVACIDAD<\/h2>\t\t\t\t<\/div>\n\t\t\t\t<\/div>\n\t\t\t\t\t<\/div>\n\t\t\t\t<\/div>\n\t\t<div class=\"elementor-element elementor-element-2f4411fa e-flex e-con-boxed e-con e-parent\" data-id=\"2f4411fa\" data-element_type=\"container\" data-e-type=\"container\">\n\t\t\t\t\t<div class=\"e-con-inner\">\n\t\t\t\t<div class=\"elementor-element elementor-element-510435fa elementor-widget elementor-widget-text-editor\" data-id=\"510435fa\" data-element_type=\"widget\" data-e-type=\"widget\" data-widget_type=\"text-editor.default\">\n\t\t\t\t<div class=\"elementor-widget-container\">\n\t\t\t\t\t\t\t\t\t<p>\u00abSUS DATOS SEGUROS\u00bb<br \/>Informaci\u00f3n en cumplimiento de la normativa de protecci\u00f3n de datos personales<\/p>\n<p>En Europa y en Espa\u00f1a existen normas de protecci\u00f3n de datos pensadas para proteger su informaci\u00f3n personal de obligado cumplimiento para nuestra entidad.<\/p>\n<p>Por ello, es muy importante para nosotros que entienda perfectamente qu\u00e9 vamos a hacer con los datos personales que le pedimos.<\/p>\n<p>As\u00ed, seremos transparentes y le daremos el control de sus datos, con un lenguaje sencillo y opciones claras que le permitir\u00e1n decidir qu\u00e9 haremos con su informaci\u00f3n personal.<\/p>\n<p>Por favor, si una vez le\u00edda la presente informaci\u00f3n le queda alguna duda, no dude en preguntarnos.<\/p>\n<p>Muchas gracias por su colaboraci\u00f3n.<\/p>\n<p>\u00bfQui\u00e9nes somos?<br \/>Nuestra denominaci\u00f3n: ESS GROUP ENGINEERING TECHNICAL CENTER, S.L.<br \/>Nuestro CIF \/ NIF: B95724852<br \/>Nuestra actividad principal: INGENIER\u00cdA, FABRICACI\u00d3N DE TROQUELES Y PRODUCCI\u00d3N DE PIEZAS MET\u00c1LICAS<\/p>\n<p><span style=\"font-weight: 400;\">Nuestra direcci\u00f3n: <a style=\"color: #FACA3C\" href=\"https:\/\/maps.google.com\/?q=Poligono+Ugaldeguren+II+nave+13+48170+Zamudio+Bizkaia\" target=\"_blank\" rel=\"noopener noreferrer\"> Pol\u00edgono Ugaldeguren II, nave 13, 48170 &#8211; Zamudio (Bizkaia) <\/a><\/span><\/p>\n<p><span style=\"font-weight: 400;\">Nuestro tel\u00e9fono de contacto: <a style=\"color: #FACA3C\" href=\"tel:+34946212576\"> +34 946 21 25 76 <\/a><\/span><\/p>\n<p><span style=\"font-weight: 400;\">Nuestra direcci\u00f3n de correo electr\u00f3nico de contacto: <\/span><span style=\"font-weight: 400;\"><a style=\"color: #FACA3C\" href=\"mailto:info@es5.es\"> info@es5.es <\/a><\/span><\/p>\n<p><span style=\"font-weight: 400;\">Nuestra p\u00e1gina web: <\/span><a style=\"color: #FACA3C\" href=\"http:\/\/www.es5.es\/\"><span style=\"font-weight: 400;\">http:\/\/www.es5.es<\/span><\/a><\/p>\n<p>&nbsp;<\/p>\n<p><span style=\"font-weight: 400;\">Estamos a su disposici\u00f3n, no dude en contactar con nosotros.<\/span><\/p>\n<p><span style=\"font-weight: 400;\">\u00bfPara qu\u00e9 vamos a usar sus datos?<br \/><\/span><span style=\"font-weight: 400;\">Con car\u00e1cter general, sus datos personales ser\u00e1n usados para poder relacionarnos con usted y poder prestarle nuestros servicios.<br \/><\/span><span style=\"font-weight: 400;\">Asimismo, tambi\u00e9n pueden ser usados para otras actividades, como enviarle publicidad o promocionar nuestras actividades.<\/span><\/p>\n<p><span style=\"font-weight: 400;\"><br \/><\/span><span style=\"font-weight: 400;\">\u00bfPor qu\u00e9 necesitamos usar sus datos?<br \/><\/span><span style=\"font-weight: 400;\">Sus datos personales son necesarios para poder relacionarnos con usted y poder prestarle nuestros servicios. En este sentido, pondremos a su disposici\u00f3n una serie de casillas que le permitir\u00e1n decidir de manera clara y sencilla sobre el uso de su informaci\u00f3n personal.<\/span><\/p>\n<p><span style=\"font-weight: 400;\">\u00bfQui\u00e9n va a conocer la informaci\u00f3n que le pedimos?<br \/><\/span><span style=\"font-weight: 400;\">Con car\u00e1cter general, s\u00f3lo el personal de nuestra entidad que est\u00e9 debidamente autorizado podr\u00e1 tener conocimiento de la informaci\u00f3n que le pedimos.<br \/><\/span><span style=\"font-weight: 400;\">De igual modo, podr\u00e1n tener conocimiento de su informaci\u00f3n personal aquellas entidades que necesiten tener acceso a la misma para que podamos prestarle nuestros servicios.<br \/><\/span><span style=\"font-weight: 400;\">Asimismo, tendr\u00e1n conocimiento de su informaci\u00f3n aquellas entidades p\u00fablicas o privadas a las cuales estemos obligados a facilitar sus datos personales con motivo del cumplimiento de alguna ley.<br \/><\/span><span style=\"font-weight: 400;\">En el caso de que, al margen de los supuestos comentados, necesitemos dar a conocer su informaci\u00f3n personal a otras entidades, le solicitaremos previamente su permiso a trav\u00e9s de opciones claras que le permitir\u00e1n decidir a este respecto.<\/span><\/p>\n<p><span style=\"font-weight: 400;\">\u00bfC\u00f3mo vamos a proteger sus datos?<br \/><\/span><span style=\"font-weight: 400;\">Protegeremos sus datos con medidas de seguridad eficaces en funci\u00f3n de los riesgos que conlleve el uso de su informaci\u00f3n.<br \/><\/span><span style=\"font-weight: 400;\">Para ello, nuestra entidad ha aprobado una Pol\u00edtica de Protecci\u00f3n de Datos y se realizan controles y auditor\u00edas anuales para verificar que sus datos personales est\u00e1n seguros en todo momento.<\/span><\/p>\n<p><span style=\"font-weight: 400;\">\u00bfEnviaremos sus datos a otros pa\u00edses?<br \/><\/span><span style=\"font-weight: 400;\">En el mundo hay pa\u00edses que son seguros para sus datos y otros que no lo son tanto. As\u00ed por ejemplo, la Uni\u00f3n Europea es un entorno seguro para sus datos. Nuestra pol\u00edtica es no enviar su informaci\u00f3n personal a ning\u00fan pa\u00eds que no sea seguro desde el punto de vista de la protecci\u00f3n de sus datos.<br \/><\/span><span style=\"font-weight: 400;\">En el caso de que, con motivo de prestarle el servicio, sea imprescindible enviar sus datos a un pa\u00eds que no sea tan seguro como Espa\u00f1a, siempre le solicitaremos previamente su permiso y aplicaremos medidas de seguridad eficaces que reduzcan los riesgos del env\u00edo de su informaci\u00f3n personal a otro pa\u00eds.<\/span><\/p>\n<p><span style=\"font-weight: 400;\">\u00bfDurante cu\u00e1nto tiempo vamos a conservar sus datos?<br \/><\/span><span style=\"font-weight: 400;\">Conservaremos sus datos durante nuestra relaci\u00f3n y mientras nos obliguen las leyes. Una vez finalizados los plazos legales aplicables, procederemos a eliminarlos de forma segura y respetuosa con el medio ambiente.<\/span><\/p>\n<p><span style=\"font-weight: 400;\">\u00bfCu\u00e1les son sus derechos de protecci\u00f3n de datos?<br \/><\/span><span style=\"font-weight: 400;\">En cualquier momento puede dirigirse a nosotros para saber qu\u00e9 informaci\u00f3n tenemos sobre usted, rectificarla si fuese incorrecta y eliminarla una vez finalizada nuestra relaci\u00f3n, en el caso de que ello sea legalmente posible.<br \/><\/span><span style=\"font-weight: 400;\">Tambi\u00e9n tiene derecho a solicitar el traspaso de su informaci\u00f3n a otra entidad. Este derecho se llama \u00abportabilidad\u00bb y puede ser \u00fatil en determinadas situaciones.<br \/><\/span><span style=\"font-weight: 400;\">Para solicitar alguno de estos derechos, deber\u00e1 realizar una solicitud escrita a nuestra direcci\u00f3n, para poder identificarle.<br \/><\/span><span style=\"font-weight: 400;\">En las oficinas de nuestra entidad disponemos de formularios espec\u00edficos para solicitar dichos derechos y le ofrecemos nuestra ayuda para su cumplimentaci\u00f3n.<br \/><\/span><span style=\"font-weight: 400;\">Para saber m\u00e1s sobre sus derechos de protecci\u00f3n de datos, puede consultar la p\u00e1gina web de la Agencia Espa\u00f1ola de Protecci\u00f3n de Datos (<\/span><a href=\"http:\/\/www.aepd.es\/\"><span style=\"font-weight: 400;\">www.aepd.es<\/span><\/a><span style=\"font-weight: 400;\">).<\/span><\/p>\n<p><span style=\"font-weight: 400;\">\u00bfPuede retirar su consentimiento si cambia de opini\u00f3n en un momento posterior?<br \/><\/span><span style=\"font-weight: 400;\">Usted puede retirar su consentimiento si cambia de opini\u00f3n sobre el uso de sus datos en cualquier momento.<br \/><\/span><span style=\"font-weight: 400;\">En caso de que entienda que sus derechos han sido desatendidos, puede formular una reclamaci\u00f3n en la Agencia Espa\u00f1ola de Protecci\u00f3n de Datos:<br \/><\/span><span style=\"font-weight: 400;\">Sede electr\u00f3nica: <\/span><a style=\"color: #FACA3C\" href=\"http:\/\/www.aepd.es\/\"><span style=\"font-weight: 400;\">www.aepd.es<\/span><\/a><br \/><br \/><span style=\"font-weight: 400;\">Direcci\u00f3n postal: Agencia Espa\u00f1ola de Protecci\u00f3n de Datos, C\/ Jorge Juan, 6, 28001-Madrid<\/span><\/p>\n<p><span style=\"font-weight: 400;\">V\u00eda telef\u00f3nica: Telf. 901 100 099 \/ Telf. 91 266 35 17<\/span><\/p>\n<p><span style=\"font-weight: 400;\">\u00bfElaboraremos perfiles sobre usted?<br \/><\/span><span style=\"font-weight: 400;\">Nuestra pol\u00edtica es no elaborar perfiles sobre los usuarios de nuestros servicios.<\/span><\/p>\n<p><span style=\"font-weight: 400;\">\u00bfUsaremos sus datos para otros fines?<br \/><\/span><span style=\"font-weight: 400;\">Nuestra pol\u00edtica es no usar sus datos para otras finalidades distintas a las que le hemos explicado. Si, no obstante, necesit\u00e1semos usar sus datos para actividades distintas, siempre le solicitaremos previamente su permiso a trav\u00e9s de opciones claras que le permitir\u00e1n decidir al respecto.<\/span><\/p>\t\t\t\t\t\t\t\t<\/div>\n\t\t\t\t<\/div>\n\t\t\t\t<div class=\"elementor-element elementor-element-13fa9a4 elementor-widget elementor-widget-html\" data-id=\"13fa9a4\" data-element_type=\"widget\" data-e-type=\"widget\" data-widget_type=\"html.default\">\n\t\t\t\t<div class=\"elementor-widget-container\">\n\t\t\t\t\t<script type=\"text\/javascript\">\n(function() {\n    var currentUrl = window.location.href;\n    var content = '';\n    var shouldLoadIubenda = false;\n    \n    \/\/ Check if URL contains \/en\/ for English version\n    if (currentUrl.indexOf('\/en\/') !== -1) {\n        content = '<a href=\"https:\/\/www.iubenda.com\/privacy-policy\/68258234\" class=\"iubenda-nostyle no-brand iubenda-noiframe iubenda-embed iub-no-markup iubenda-noiframe iub-body-embed\" title=\"Privacy Policy\">Privacy Policy<\/a>';\n        shouldLoadIubenda = true;\n    } \n    \/\/ Otherwise use Spanish version (default)\n    else {\n        content = '<a href=\"https:\/\/www.iubenda.com\/privacy-policy\/13546082\" class=\"iubenda-nostyle no-brand iubenda-noiframe iubenda-embed iub-no-markup iubenda-noiframe iub-body-embed\" title=\"Pol\u00edtica de Privacidad\">Pol\u00edtica de Privacidad<\/a>';\n        shouldLoadIubenda = true;\n    }\n    \n    if (content) {\n        \/\/ Insert the content first\n        var container = document.createElement('div');\n        container.innerHTML = content;\n\n        container.style.fontFamily = 'var(--e-global-typography-text-font-family), Sans-serif';\n        container.style.fontWeight = 'var(--e-global-typography-text-font-weight)';\n        container.style.color = 'var(--e-global-color-text)';\n\n        document.currentScript.parentNode.insertBefore(container, document.currentScript);\n        \n        \/\/ Then handle the Iubenda script loading\n        if (shouldLoadIubenda) {\n            var loader = function () {\n                var s = document.createElement(\"script\");\n                var tag = document.getElementsByTagName(\"script\")[0];\n                s.src = \"https:\/\/cdn.iubenda.com\/iubenda.js\";\n                tag.parentNode.insertBefore(s, tag);\n            };\n            \n            if (window.addEventListener) {\n                window.addEventListener(\"load\", loader, false);\n            } else if (window.attachEvent) {\n                window.attachEvent(\"onload\", loader);\n            } else {\n                window.onload = loader;\n            }\n        }\n    }\n})();\n<\/script>\t\t\t\t<\/div>\n\t\t\t\t<\/div>\n\t\t\t\t\t<\/div>\n\t\t\t\t<\/div>\n\t\t\t\t<\/div>\n\t\t","protected":false},"excerpt":{"rendered":"<p>POL\u00cdTICA DE PRIVACIDAD \u00abSUS DATOS SEGUROS\u00bbInformaci\u00f3n en cumplimiento de la normativa de protecci\u00f3n de datos personales En Europa y en Espa\u00f1a existen normas de protecci\u00f3n de datos pensadas para proteger su informaci\u00f3n personal de obligado cumplimiento para nuestra entidad. Por ello, es muy importante para nosotros que entienda perfectamente qu\u00e9 vamos a hacer con los [&hellip;]<\/p>\n","protected":false},"author":1,"featured_media":0,"parent":0,"menu_order":0,"comment_status":"closed","ping_status":"closed","template":"elementor_header_footer","meta":{"footnotes":""},"class_list":["post-3","page","type-page","status-publish","hentry"],"yoast_head":"<!-- This site is optimized with the Yoast SEO plugin v26.9 - https:\/\/yoast.com\/product\/yoast-seo-wordpress\/ -->\n<title>Pol\u00edtica de Privacidad - ES5<\/title>\n<meta name=\"description\" content=\"Queremos que comprendas qu\u00e9 informaci\u00f3n recopilamos y c\u00f3mo la usamos y compartimos. Por eso, te recomendamos leer nuestra Pol\u00edtica de privacidad.\" \/>\n<meta name=\"robots\" content=\"index, follow, max-snippet:-1, max-image-preview:large, max-video-preview:-1\" \/>\n<link rel=\"canonical\" href=\"https:\/\/es5.es\/en\/privacy-policy\/\" \/>\n<meta property=\"og:locale\" content=\"en_US\" \/>\n<meta property=\"og:type\" content=\"article\" \/>\n<meta property=\"og:title\" content=\"Pol\u00edtica de Privacidad - ES5\" \/>\n<meta property=\"og:description\" content=\"Queremos que comprendas qu\u00e9 informaci\u00f3n recopilamos y c\u00f3mo la usamos y compartimos. Por eso, te recomendamos leer nuestra Pol\u00edtica de privacidad.\" \/>\n<meta property=\"og:url\" content=\"https:\/\/es5.es\/en\/privacy-policy\/\" \/>\n<meta property=\"og:site_name\" content=\"ES5\" \/>\n<meta property=\"article:modified_time\" content=\"2026-03-16T20:18:00+00:00\" \/>\n<meta name=\"twitter:card\" content=\"summary_large_image\" \/>\n<meta name=\"twitter:label1\" content=\"Est. reading time\" \/>\n\t<meta name=\"twitter:data1\" content=\"5 minutes\" \/>\n<script type=\"application\/ld+json\" class=\"yoast-schema-graph\">{\"@context\":\"https:\/\/schema.org\",\"@graph\":[{\"@type\":\"WebPage\",\"@id\":\"https:\/\/es5.es\/privacy-policy\/\",\"url\":\"https:\/\/es5.es\/privacy-policy\/\",\"name\":\"Pol\u00edtica de Privacidad - ES5\",\"isPartOf\":{\"@id\":\"https:\/\/es5.es\/#website\"},\"datePublished\":\"2025-05-15T22:38:59+00:00\",\"dateModified\":\"2026-03-16T20:18:00+00:00\",\"description\":\"Queremos que comprendas qu\u00e9 informaci\u00f3n recopilamos y c\u00f3mo la usamos y compartimos. Por eso, te recomendamos leer nuestra Pol\u00edtica de privacidad.\",\"breadcrumb\":{\"@id\":\"https:\/\/es5.es\/privacy-policy\/#breadcrumb\"},\"inLanguage\":\"en-US\",\"potentialAction\":[{\"@type\":\"ReadAction\",\"target\":[\"https:\/\/es5.es\/privacy-policy\/\"]}]},{\"@type\":\"BreadcrumbList\",\"@id\":\"https:\/\/es5.es\/privacy-policy\/#breadcrumb\",\"itemListElement\":[{\"@type\":\"ListItem\",\"position\":1,\"name\":\"Home\",\"item\":\"https:\/\/es5.es\/\"},{\"@type\":\"ListItem\",\"position\":2,\"name\":\"Pol\u00edtica de Privacidad\"}]},{\"@type\":\"WebSite\",\"@id\":\"https:\/\/es5.es\/#website\",\"url\":\"https:\/\/es5.es\/\",\"name\":\"ES5\",\"description\":\"\",\"publisher\":{\"@id\":\"https:\/\/es5.es\/#organization\"},\"potentialAction\":[{\"@type\":\"SearchAction\",\"target\":{\"@type\":\"EntryPoint\",\"urlTemplate\":\"https:\/\/es5.es\/?s={search_term_string}\"},\"query-input\":{\"@type\":\"PropertyValueSpecification\",\"valueRequired\":true,\"valueName\":\"search_term_string\"}}],\"inLanguage\":\"en-US\"},{\"@type\":\"Organization\",\"@id\":\"https:\/\/es5.es\/#organization\",\"name\":\"ES5\",\"url\":\"https:\/\/es5.es\/\",\"logo\":{\"@type\":\"ImageObject\",\"inLanguage\":\"en-US\",\"@id\":\"https:\/\/es5.es\/#\/schema\/logo\/image\/\",\"url\":\"https:\/\/es5.es\/wp-content\/uploads\/2025\/05\/05430C41-3317-42AC-AACC-4BD801618B23.png\",\"contentUrl\":\"https:\/\/es5.es\/wp-content\/uploads\/2025\/05\/05430C41-3317-42AC-AACC-4BD801618B23.png\",\"width\":704,\"height\":268,\"caption\":\"ES5\"},\"image\":{\"@id\":\"https:\/\/es5.es\/#\/schema\/logo\/image\/\"}}]}<\/script>\n<!-- \/ Yoast SEO plugin. -->","yoast_head_json":{"title":"Pol\u00edtica de Privacidad - ES5","description":"Queremos que comprendas qu\u00e9 informaci\u00f3n recopilamos y c\u00f3mo la usamos y compartimos. Por eso, te recomendamos leer nuestra Pol\u00edtica de privacidad.","robots":{"index":"index","follow":"follow","max-snippet":"max-snippet:-1","max-image-preview":"max-image-preview:large","max-video-preview":"max-video-preview:-1"},"canonical":"https:\/\/es5.es\/en\/privacy-policy\/","og_locale":"en_US","og_type":"article","og_title":"Pol\u00edtica de Privacidad - ES5","og_description":"Queremos que comprendas qu\u00e9 informaci\u00f3n recopilamos y c\u00f3mo la usamos y compartimos. Por eso, te recomendamos leer nuestra Pol\u00edtica de privacidad.","og_url":"https:\/\/es5.es\/en\/privacy-policy\/","og_site_name":"ES5","article_modified_time":"2026-03-16T20:18:00+00:00","twitter_card":"summary_large_image","twitter_misc":{"Est. reading time":"5 minutes"},"schema":{"@context":"https:\/\/schema.org","@graph":[{"@type":"WebPage","@id":"https:\/\/es5.es\/privacy-policy\/","url":"https:\/\/es5.es\/privacy-policy\/","name":"Pol\u00edtica de Privacidad - ES5","isPartOf":{"@id":"https:\/\/es5.es\/#website"},"datePublished":"2025-05-15T22:38:59+00:00","dateModified":"2026-03-16T20:18:00+00:00","description":"Queremos que comprendas qu\u00e9 informaci\u00f3n recopilamos y c\u00f3mo la usamos y compartimos. Por eso, te recomendamos leer nuestra Pol\u00edtica de privacidad.","breadcrumb":{"@id":"https:\/\/es5.es\/privacy-policy\/#breadcrumb"},"inLanguage":"en-US","potentialAction":[{"@type":"ReadAction","target":["https:\/\/es5.es\/privacy-policy\/"]}]},{"@type":"BreadcrumbList","@id":"https:\/\/es5.es\/privacy-policy\/#breadcrumb","itemListElement":[{"@type":"ListItem","position":1,"name":"Home","item":"https:\/\/es5.es\/"},{"@type":"ListItem","position":2,"name":"Pol\u00edtica de Privacidad"}]},{"@type":"WebSite","@id":"https:\/\/es5.es\/#website","url":"https:\/\/es5.es\/","name":"ES5","description":"","publisher":{"@id":"https:\/\/es5.es\/#organization"},"potentialAction":[{"@type":"SearchAction","target":{"@type":"EntryPoint","urlTemplate":"https:\/\/es5.es\/?s={search_term_string}"},"query-input":{"@type":"PropertyValueSpecification","valueRequired":true,"valueName":"search_term_string"}}],"inLanguage":"en-US"},{"@type":"Organization","@id":"https:\/\/es5.es\/#organization","name":"ES5","url":"https:\/\/es5.es\/","logo":{"@type":"ImageObject","inLanguage":"en-US","@id":"https:\/\/es5.es\/#\/schema\/logo\/image\/","url":"https:\/\/es5.es\/wp-content\/uploads\/2025\/05\/05430C41-3317-42AC-AACC-4BD801618B23.png","contentUrl":"https:\/\/es5.es\/wp-content\/uploads\/2025\/05\/05430C41-3317-42AC-AACC-4BD801618B23.png","width":704,"height":268,"caption":"ES5"},"image":{"@id":"https:\/\/es5.es\/#\/schema\/logo\/image\/"}}]}},"_links":{"self":[{"href":"https:\/\/es5.es\/en\/wp-json\/wp\/v2\/pages\/3","targetHints":{"allow":["GET"]}}],"collection":[{"href":"https:\/\/es5.es\/en\/wp-json\/wp\/v2\/pages"}],"about":[{"href":"https:\/\/es5.es\/en\/wp-json\/wp\/v2\/types\/page"}],"author":[{"embeddable":true,"href":"https:\/\/es5.es\/en\/wp-json\/wp\/v2\/users\/1"}],"replies":[{"embeddable":true,"href":"https:\/\/es5.es\/en\/wp-json\/wp\/v2\/comments?post=3"}],"version-history":[{"count":60,"href":"https:\/\/es5.es\/en\/wp-json\/wp\/v2\/pages\/3\/revisions"}],"predecessor-version":[{"id":1607,"href":"https:\/\/es5.es\/en\/wp-json\/wp\/v2\/pages\/3\/revisions\/1607"}],"wp:attachment":[{"href":"https:\/\/es5.es\/en\/wp-json\/wp\/v2\/media?parent=3"}],"curies":[{"name":"wp","href":"https:\/\/api.w.org\/{rel}","templated":true}]}}